{"id":13,"date":"2019-08-04T23:07:29","date_gmt":"2019-08-04T23:07:29","guid":{"rendered":"http:\/\/wellenbrechen.de\/?page_id=13"},"modified":"2026-01-12T23:20:42","modified_gmt":"2026-01-12T23:20:42","slug":"kontakt","status":"publish","type":"page","link":"https:\/\/wellenbrechen.de\/?page_id=13","title":{"rendered":"Kontakt\/Termine"},"content":{"rendered":"\n<h5 class=\"wp-block-heading\">Kontakt aufnehmen<\/h5>\n\n\n\n<p class=\"has-very-dark-gray-color has-very-light-gray-background-color has-text-color has-background\">Jessica Spars-Bardong<\/p>\n\n\n\n<figure class=\"wp-block-image size-full is-resized\"><img loading=\"lazy\" decoding=\"async\" width=\"878\" height=\"76\" src=\"https:\/\/wellenbrechen.de\/wp-content\/uploads\/2022\/11\/abb3_web-4.png\" alt=\"\" class=\"wp-image-454\" style=\"width:778px;height:67px\" srcset=\"https:\/\/wellenbrechen.de\/wp-content\/uploads\/2022\/11\/abb3_web-4.png 878w, https:\/\/wellenbrechen.de\/wp-content\/uploads\/2022\/11\/abb3_web-4-300x26.png 300w, https:\/\/wellenbrechen.de\/wp-content\/uploads\/2022\/11\/abb3_web-4-768x66.png 768w\" sizes=\"auto, (max-width: 767px) 89vw, (max-width: 1000px) 54vw, (max-width: 1071px) 543px, 580px\" \/><\/figure>\n\n\n\n<h5 class=\"wp-block-heading\">Termin planen<\/h5>\n\n\n\n<p class=\"has-very-dark-gray-color has-very-light-gray-background-color has-text-color has-background\">Sprechen Sie mich an, ich freue mich von Ihnen zu h\u00f6ren. Gemeinsam besprechen wir einen m\u00f6glichen Weg und Zeitplan, um Ihre Bed\u00fcrfnisse zu erkennen. Ich unterst\u00fctze Sie bei der Entwicklung von L\u00f6sungsstrategien, damit Sie die richtigen Impulse setzen, um besser die Wellen brechen zu k\u00f6nnen.<\/p>\n\n\n\n<p><\/p>\n\n\n\n<figure class=\"wp-block-image size-full\"><img loading=\"lazy\" decoding=\"async\" width=\"236\" height=\"24\" src=\"https:\/\/wellenbrechen.de\/wp-content\/uploads\/2022\/11\/abb1_web.png\" alt=\"\" class=\"wp-image-434\"\/><\/figure>\n\n\n\n<p>Dipl.-Soz.p\u00e4d. <br>Jessica Spars-Bardong<br>Schneckenburgerstr. 2<br>D-55131 Mainz<br>+49. 6131. 9208972<\/p>\n\n\n\n<figure class=\"wp-block-image size-full is-resized\"><img loading=\"lazy\" decoding=\"async\" width=\"234\" height=\"17\" src=\"https:\/\/wellenbrechen.de\/wp-content\/uploads\/2022\/11\/abb2_web.png\" alt=\"\" class=\"wp-image-436\" style=\"width:234px;height:17px\"\/><\/figure>\n\n\n\n<p><strong>Haftungsausschluss<\/strong><\/p>\n\n\n\n<p>Um Aktualit\u00e4t, Vollst\u00e4ndigkeit und Richtigkeit der Inhalte unserer Seiten wird sich bem\u00fcht, dennoch kann hierf\u00fcr keine Garantie \u00fcbernommen werden.<\/p>\n\n\n\n<p>Sofern diese Seite Links auf externe Webseiten Dritter enth\u00e4lt, haben die Betreiber dieser Website auf die Inhalte dieser verlinkten Webseiten keinen Einfluss und \u00fcbernehmen keine Gew\u00e4hr.<\/p>\n\n\n\n<p>Eine Verpflichtung zur \u00dcberwachung \u00fcbermittelter oder gespeicherter fremder Informationen besteht nicht. Sobald Rechtsverst\u00f6\u00dfe bekannt werden, entfernen wir entsprechenden Links oder Inhalte umgehend.<\/p>\n\n\n\n<p><strong>Verantwortlich f\u00fcr den Inhalt der Homepage:<\/strong><\/p>\n\n\n\n<p>Auf dieser Webseite werden keine redaktionell-journalistische Inhalte angeboten. Sollte das dennoch geltend gemacht werden, gilt verantwortlich i.S.d. \u00a7 18 Abs. 2 MStV ist Dipl.-Soz.p\u00e4d. Jessica Spars-Bardong (s. o.)<\/p>\n\n\n\n<p><strong>Urheberrecht<\/strong><\/p>\n\n\n\n<p>Die durch den Betreiber dieser Seite erstellten Inhalte und Werke auf diesen Webseiten unterliegen dem deutschen Urheberrecht. S\u00e4mtliche Beitr\u00e4ge Dritter sind als solche gekennzeichnet. Die Vervielf\u00e4ltigung, Bearbeitung, Verbreitung und jede Art der Verwertung au\u00dferhalb der Grenzen des Urheberrechts bed\u00fcrfen der schriftlichen Zustimmung des jeweiligen Autors bzw. Erstellers. Kopien von diesen Seiten sind nur f\u00fcr den privaten Bereich gestattet, nicht jedoch f\u00fcr kommerzielle Zwecke.<\/p>\n","protected":false},"excerpt":{"rendered":"<p>Kontakt aufnehmen Jessica Spars-Bardong Termin planen Sprechen Sie mich an, ich freue mich von Ihnen zu h\u00f6ren. Gemeinsam besprechen wir einen m\u00f6glichen Weg und Zeitplan, um Ihre Bed\u00fcrfnisse zu erkennen. Ich unterst\u00fctze Sie bei der Entwicklung von L\u00f6sungsstrategien, damit Sie die richtigen Impulse setzen, um besser die Wellen brechen zu k\u00f6nnen. Dipl.-Soz.p\u00e4d. Jessica Spars-BardongSchneckenburgerstr. 2D-55131 &hellip; <\/p>\n<p class=\"link-more\"><a href=\"https:\/\/wellenbrechen.de\/?page_id=13\" class=\"more-link\"><span class=\"screen-reader-text\">\u201eKontakt\/Termine\u201c <\/span>weiterlesen<\/a><\/p>\n","protected":false},"author":1,"featured_media":537,"parent":0,"menu_order":0,"comment_status":"closed","ping_status":"closed","template":"","meta":{"footnotes":""},"class_list":["post-13","page","type-page","status-publish","has-post-thumbnail","hentry"],"yoast_head":"<!-- This site is optimized with the Yoast SEO plugin v27.3 - https:\/\/yoast.com\/product\/yoast-seo-wordpress\/ -->\n<title>Kontakt\/Termine &#8211; Wellenbrechen - Supervision &amp; Coaching<\/title>\n<meta name=\"robots\" content=\"index, follow, max-snippet:-1, max-image-preview:large, max-video-preview:-1\" \/>\n<link rel=\"canonical\" href=\"https:\/\/wellenbrechen.de\/?page_id=13\" \/>\n<meta property=\"og:locale\" content=\"de_DE\" \/>\n<meta property=\"og:type\" content=\"article\" \/>\n<meta property=\"og:title\" content=\"Kontakt\/Termine &#8211; Wellenbrechen - Supervision &amp; Coaching\" \/>\n<meta property=\"og:description\" content=\"Kontakt aufnehmen Jessica Spars-Bardong Termin planen Sprechen Sie mich an, ich freue mich von Ihnen zu h\u00f6ren. Gemeinsam besprechen wir einen m\u00f6glichen Weg und Zeitplan, um Ihre Bed\u00fcrfnisse zu erkennen. Ich unterst\u00fctze Sie bei der Entwicklung von L\u00f6sungsstrategien, damit Sie die richtigen Impulse setzen, um besser die Wellen brechen zu k\u00f6nnen. Dipl.-Soz.p\u00e4d. Jessica Spars-BardongSchneckenburgerstr. 2D-55131 &hellip; \u201eKontakt\/Termine\u201c weiterlesen\" \/>\n<meta property=\"og:url\" content=\"https:\/\/wellenbrechen.de\/?page_id=13\" \/>\n<meta property=\"og:site_name\" content=\"Wellenbrechen - Supervision &amp; Coaching\" \/>\n<meta property=\"article:modified_time\" content=\"2026-01-12T23:20:42+00:00\" \/>\n<meta property=\"og:image\" content=\"https:\/\/wellenbrechen.de\/wp-content\/uploads\/2026\/01\/Willkommen.jpg\" \/>\n\t<meta property=\"og:image:width\" content=\"467\" \/>\n\t<meta property=\"og:image:height\" content=\"701\" \/>\n\t<meta property=\"og:image:type\" content=\"image\/jpeg\" \/>\n<meta name=\"twitter:card\" content=\"summary_large_image\" \/>\n<meta name=\"twitter:label1\" content=\"Gesch\u00e4tzte Lesezeit\" \/>\n\t<meta name=\"twitter:data1\" content=\"3\u00a0Minuten\" \/>\n<script type=\"application\/ld+json\" class=\"yoast-schema-graph\">{\"@context\":\"https:\\\/\\\/schema.org\",\"@graph\":[{\"@type\":\"WebPage\",\"@id\":\"https:\\\/\\\/wellenbrechen.de\\\/?page_id=13\",\"url\":\"https:\\\/\\\/wellenbrechen.de\\\/?page_id=13\",\"name\":\"Kontakt\\\/Termine &#8211; Wellenbrechen - Supervision &amp; Coaching\",\"isPartOf\":{\"@id\":\"https:\\\/\\\/wellenbrechen.de\\\/#website\"},\"primaryImageOfPage\":{\"@id\":\"https:\\\/\\\/wellenbrechen.de\\\/?page_id=13#primaryimage\"},\"image\":{\"@id\":\"https:\\\/\\\/wellenbrechen.de\\\/?page_id=13#primaryimage\"},\"thumbnailUrl\":\"https:\\\/\\\/wellenbrechen.de\\\/wp-content\\\/uploads\\\/2026\\\/01\\\/Willkommen.jpg\",\"datePublished\":\"2019-08-04T23:07:29+00:00\",\"dateModified\":\"2026-01-12T23:20:42+00:00\",\"breadcrumb\":{\"@id\":\"https:\\\/\\\/wellenbrechen.de\\\/?page_id=13#breadcrumb\"},\"inLanguage\":\"de\",\"potentialAction\":[{\"@type\":\"ReadAction\",\"target\":[\"https:\\\/\\\/wellenbrechen.de\\\/?page_id=13\"]}]},{\"@type\":\"ImageObject\",\"inLanguage\":\"de\",\"@id\":\"https:\\\/\\\/wellenbrechen.de\\\/?page_id=13#primaryimage\",\"url\":\"https:\\\/\\\/wellenbrechen.de\\\/wp-content\\\/uploads\\\/2026\\\/01\\\/Willkommen.jpg\",\"contentUrl\":\"https:\\\/\\\/wellenbrechen.de\\\/wp-content\\\/uploads\\\/2026\\\/01\\\/Willkommen.jpg\",\"width\":467,\"height\":701},{\"@type\":\"BreadcrumbList\",\"@id\":\"https:\\\/\\\/wellenbrechen.de\\\/?page_id=13#breadcrumb\",\"itemListElement\":[{\"@type\":\"ListItem\",\"position\":1,\"name\":\"Startseite\",\"item\":\"https:\\\/\\\/wellenbrechen.de\\\/\"},{\"@type\":\"ListItem\",\"position\":2,\"name\":\"Kontakt\\\/Termine\"}]},{\"@type\":\"WebSite\",\"@id\":\"https:\\\/\\\/wellenbrechen.de\\\/#website\",\"url\":\"https:\\\/\\\/wellenbrechen.de\\\/\",\"name\":\"Wellenbrechen - Jessica Spars-Bardong\",\"description\":\"Jessica Spars-Bardong -  Diplom Sozialp\u00e4dagogin und Supervisorin (GwG in Ausbildung) \",\"publisher\":{\"@id\":\"https:\\\/\\\/wellenbrechen.de\\\/#\\\/schema\\\/person\\\/ce82e7bcea91de7126091d891d0f4e38\"},\"alternateName\":\"Wellenbrechen\",\"potentialAction\":[{\"@type\":\"SearchAction\",\"target\":{\"@type\":\"EntryPoint\",\"urlTemplate\":\"https:\\\/\\\/wellenbrechen.de\\\/?s={search_term_string}\"},\"query-input\":{\"@type\":\"PropertyValueSpecification\",\"valueRequired\":true,\"valueName\":\"search_term_string\"}}],\"inLanguage\":\"de\"},{\"@type\":[\"Person\",\"Organization\"],\"@id\":\"https:\\\/\\\/wellenbrechen.de\\\/#\\\/schema\\\/person\\\/ce82e7bcea91de7126091d891d0f4e38\",\"name\":\"Jessica\",\"image\":{\"@type\":\"ImageObject\",\"inLanguage\":\"de\",\"@id\":\"https:\\\/\\\/wellenbrechen.de\\\/wp-content\\\/uploads\\\/2021\\\/11\\\/Sozialtherapie2021-0563.jpg\",\"url\":\"https:\\\/\\\/wellenbrechen.de\\\/wp-content\\\/uploads\\\/2021\\\/11\\\/Sozialtherapie2021-0563.jpg\",\"contentUrl\":\"https:\\\/\\\/wellenbrechen.de\\\/wp-content\\\/uploads\\\/2021\\\/11\\\/Sozialtherapie2021-0563.jpg\",\"width\":1500,\"height\":1000,\"caption\":\"Jessica\"},\"logo\":{\"@id\":\"https:\\\/\\\/wellenbrechen.de\\\/wp-content\\\/uploads\\\/2021\\\/11\\\/Sozialtherapie2021-0563.jpg\"}}]}<\/script>\n<!-- \/ Yoast SEO plugin. -->","yoast_head_json":{"title":"Kontakt\/Termine &#8211; Wellenbrechen - Supervision &amp; Coaching","robots":{"index":"index","follow":"follow","max-snippet":"max-snippet:-1","max-image-preview":"max-image-preview:large","max-video-preview":"max-video-preview:-1"},"canonical":"https:\/\/wellenbrechen.de\/?page_id=13","og_locale":"de_DE","og_type":"article","og_title":"Kontakt\/Termine &#8211; Wellenbrechen - Supervision &amp; Coaching","og_description":"Kontakt aufnehmen Jessica Spars-Bardong Termin planen Sprechen Sie mich an, ich freue mich von Ihnen zu h\u00f6ren. Gemeinsam besprechen wir einen m\u00f6glichen Weg und Zeitplan, um Ihre Bed\u00fcrfnisse zu erkennen. Ich unterst\u00fctze Sie bei der Entwicklung von L\u00f6sungsstrategien, damit Sie die richtigen Impulse setzen, um besser die Wellen brechen zu k\u00f6nnen. Dipl.-Soz.p\u00e4d. Jessica Spars-BardongSchneckenburgerstr. 2D-55131 &hellip; \u201eKontakt\/Termine\u201c weiterlesen","og_url":"https:\/\/wellenbrechen.de\/?page_id=13","og_site_name":"Wellenbrechen - Supervision &amp; Coaching","article_modified_time":"2026-01-12T23:20:42+00:00","og_image":[{"width":467,"height":701,"url":"https:\/\/wellenbrechen.de\/wp-content\/uploads\/2026\/01\/Willkommen.jpg","type":"image\/jpeg"}],"twitter_card":"summary_large_image","twitter_misc":{"Gesch\u00e4tzte Lesezeit":"3\u00a0Minuten"},"schema":{"@context":"https:\/\/schema.org","@graph":[{"@type":"WebPage","@id":"https:\/\/wellenbrechen.de\/?page_id=13","url":"https:\/\/wellenbrechen.de\/?page_id=13","name":"Kontakt\/Termine &#8211; Wellenbrechen - Supervision &amp; Coaching","isPartOf":{"@id":"https:\/\/wellenbrechen.de\/#website"},"primaryImageOfPage":{"@id":"https:\/\/wellenbrechen.de\/?page_id=13#primaryimage"},"image":{"@id":"https:\/\/wellenbrechen.de\/?page_id=13#primaryimage"},"thumbnailUrl":"https:\/\/wellenbrechen.de\/wp-content\/uploads\/2026\/01\/Willkommen.jpg","datePublished":"2019-08-04T23:07:29+00:00","dateModified":"2026-01-12T23:20:42+00:00","breadcrumb":{"@id":"https:\/\/wellenbrechen.de\/?page_id=13#breadcrumb"},"inLanguage":"de","potentialAction":[{"@type":"ReadAction","target":["https:\/\/wellenbrechen.de\/?page_id=13"]}]},{"@type":"ImageObject","inLanguage":"de","@id":"https:\/\/wellenbrechen.de\/?page_id=13#primaryimage","url":"https:\/\/wellenbrechen.de\/wp-content\/uploads\/2026\/01\/Willkommen.jpg","contentUrl":"https:\/\/wellenbrechen.de\/wp-content\/uploads\/2026\/01\/Willkommen.jpg","width":467,"height":701},{"@type":"BreadcrumbList","@id":"https:\/\/wellenbrechen.de\/?page_id=13#breadcrumb","itemListElement":[{"@type":"ListItem","position":1,"name":"Startseite","item":"https:\/\/wellenbrechen.de\/"},{"@type":"ListItem","position":2,"name":"Kontakt\/Termine"}]},{"@type":"WebSite","@id":"https:\/\/wellenbrechen.de\/#website","url":"https:\/\/wellenbrechen.de\/","name":"Wellenbrechen - Jessica Spars-Bardong","description":"Jessica Spars-Bardong -  Diplom Sozialp\u00e4dagogin und Supervisorin (GwG in Ausbildung) ","publisher":{"@id":"https:\/\/wellenbrechen.de\/#\/schema\/person\/ce82e7bcea91de7126091d891d0f4e38"},"alternateName":"Wellenbrechen","potentialAction":[{"@type":"SearchAction","target":{"@type":"EntryPoint","urlTemplate":"https:\/\/wellenbrechen.de\/?s={search_term_string}"},"query-input":{"@type":"PropertyValueSpecification","valueRequired":true,"valueName":"search_term_string"}}],"inLanguage":"de"},{"@type":["Person","Organization"],"@id":"https:\/\/wellenbrechen.de\/#\/schema\/person\/ce82e7bcea91de7126091d891d0f4e38","name":"Jessica","image":{"@type":"ImageObject","inLanguage":"de","@id":"https:\/\/wellenbrechen.de\/wp-content\/uploads\/2021\/11\/Sozialtherapie2021-0563.jpg","url":"https:\/\/wellenbrechen.de\/wp-content\/uploads\/2021\/11\/Sozialtherapie2021-0563.jpg","contentUrl":"https:\/\/wellenbrechen.de\/wp-content\/uploads\/2021\/11\/Sozialtherapie2021-0563.jpg","width":1500,"height":1000,"caption":"Jessica"},"logo":{"@id":"https:\/\/wellenbrechen.de\/wp-content\/uploads\/2021\/11\/Sozialtherapie2021-0563.jpg"}}]}},"_links":{"self":[{"href":"https:\/\/wellenbrechen.de\/index.php?rest_route=\/wp\/v2\/pages\/13","targetHints":{"allow":["GET"]}}],"collection":[{"href":"https:\/\/wellenbrechen.de\/index.php?rest_route=\/wp\/v2\/pages"}],"about":[{"href":"https:\/\/wellenbrechen.de\/index.php?rest_route=\/wp\/v2\/types\/page"}],"author":[{"embeddable":true,"href":"https:\/\/wellenbrechen.de\/index.php?rest_route=\/wp\/v2\/users\/1"}],"replies":[{"embeddable":true,"href":"https:\/\/wellenbrechen.de\/index.php?rest_route=%2Fwp%2Fv2%2Fcomments&post=13"}],"version-history":[{"count":35,"href":"https:\/\/wellenbrechen.de\/index.php?rest_route=\/wp\/v2\/pages\/13\/revisions"}],"predecessor-version":[{"id":475,"href":"https:\/\/wellenbrechen.de\/index.php?rest_route=\/wp\/v2\/pages\/13\/revisions\/475"}],"wp:featuredmedia":[{"embeddable":true,"href":"https:\/\/wellenbrechen.de\/index.php?rest_route=\/wp\/v2\/media\/537"}],"wp:attachment":[{"href":"https:\/\/wellenbrechen.de\/index.php?rest_route=%2Fwp%2Fv2%2Fmedia&parent=13"}],"curies":[{"name":"wp","href":"https:\/\/api.w.org\/{rel}","templated":true}]}}