{"id":15,"date":"2019-08-04T23:07:29","date_gmt":"2019-08-04T23:07:29","guid":{"rendered":"http:\/\/wellenbrechen.de\/?page_id=15"},"modified":"2026-01-12T21:49:32","modified_gmt":"2026-01-12T21:49:32","slug":"inhalt","status":"publish","type":"page","link":"https:\/\/wellenbrechen.de\/?page_id=15","title":{"rendered":"Angebote, Inhalte, Ziele"},"content":{"rendered":"\n<h4 class=\"wp-block-heading\">>> Supervision und Coaching (GwG)<br><\/h4>\n\n\n\n<p>Nutzen Sie mein Angebot. Ich unterst\u00fctze Sie im Arbeitsumfeld mit systemischem und personenzentriertem Ansatz z. B. in Kindertagesst\u00e4tten oder in der Schulsozialarbeit <\/p>\n\n\n\n<h5 class=\"wp-block-heading has-very-dark-gray-color has-very-light-gray-background-color has-text-color has-background\">Supervision<\/h5>\n\n\n\n<ul class=\"wp-block-list has-very-dark-gray-color has-very-light-gray-background-color has-text-color has-background\">\n<li>Wenn Mitarbeiter das Gef\u00fchl haben, nicht mehr Teil des Teams zu sein<\/li>\n\n\n\n<li>Wenn das Umfeld Mitarbeiter h\u00e4ufig missversteht<\/li>\n\n\n\n<li>Wenn Schwierigkeiten im sozialen Kontakt bestehen<br><br><em>Ziele<\/em><\/li>\n\n\n\n<li>Fallsupervision<\/li>\n\n\n\n<li>Neue Perspektiven gemeinsam erarbeiten<\/li>\n\n\n\n<li>Gemeinsam hin und zuh\u00f6ren<\/li>\n\n\n\n<li>L\u00f6sungsstrategien gemeinsam erarbeiten<\/li>\n<\/ul>\n\n\n\n<h5 class=\"wp-block-heading has-very-dark-gray-color has-very-light-gray-background-color has-text-color has-background\">Teamtage<\/h5>\n\n\n\n<ul class=\"wp-block-list has-very-dark-gray-color has-very-light-gray-background-color has-text-color has-background\">\n<li>Wenn die Kommunikation fehlt<\/li>\n\n\n\n<li>Wenn der Druck zu gro\u00df wird und Missverst\u00e4ndnisse entstehen<\/li>\n\n\n\n<li>Wenn der Arbeitsalltag zum Ballast wird<br><br><em>Ziele<\/em><\/li>\n\n\n\n<li>Verhaltens\u00e4nderung ein\u00fcben<\/li>\n\n\n\n<li>Handlungsalternativen erproben<\/li>\n\n\n\n<li>Ressourcen und St\u00e4rken im Team entdecken<\/li>\n\n\n\n<li>Meinem Team etwas Gutes tun<\/li>\n<\/ul>\n\n\n\n<h5 class=\"wp-block-heading has-very-dark-gray-color has-very-light-gray-background-color has-text-color has-background\">EINZELCOACHING<\/h5>\n\n\n\n<ul class=\"wp-block-list has-very-dark-gray-color has-very-light-gray-background-color has-text-color has-background\">\n<li>Die Gef\u00fchle unter Kontrolle bringen \u2026<\/li>\n\n\n\n<li>Wenn ich durch scheinbar unangemessenes Verhalten auffalle<\/li>\n\n\n\n<li>Wenn ich gerne kontrolliert und souver\u00e4n reagieren m\u00f6chte<br><br><em>Ziele<\/em><\/li>\n\n\n\n<li>Mir selbst Raum geben<\/li>\n\n\n\n<li>Mein \u201eInneres Team\u201c strukturieren<\/li>\n\n\n\n<li>Meine eigenen Bed\u00fcrfnisse h\u00f6ren<\/li>\n<\/ul>\n\n\n\n<h4 class=\"wp-block-heading\">&gt;&gt; Einzelcoaching zur Verbesserung der Impulssteuerung<\/h4>\n\n\n\n<p>(zur Zeit keine Termine verf\u00fcgbar\/nicht mehr am Schillerplatz)<br><\/p>\n\n\n\n<ul class=\"wp-block-list has-very-dark-gray-color has-very-light-gray-background-color has-text-color has-background\">\n<li>Lassen Sie uns einen neuen Blick auf Ihr Leben nehmen und gemeinsam die kleinen und gro\u00dfen Wellen durchbrechen<br><br><strong>An Sich Arbeiten<\/strong><\/li>\n\n\n\n<li>Eigenes Verhalten reflektieren<\/li>\n\n\n\n<li>Verhaltens\u00e4nderungen ein\u00fcben<\/li>\n\n\n\n<li>Eigene Bed\u00fcrfnisse und St\u00e4rken erkennen<\/li>\n\n\n\n<li>Selbstkontrolle in Konfliktsituationen erlernen<br>Konflikte angemessen l\u00f6sen<\/li>\n\n\n\n<li>Handlungsalternativen erproben<\/li>\n\n\n\n<li>&nbsp;L\u00f6sungsstrategien gemeinsam erarbeiten <br><br><strong>Verhaltensweisen \u00fcberwinden<\/strong><\/li>\n\n\n\n<li>Eigene Emotionen im Alltag steuern<\/li>\n\n\n\n<li>Die geringe Frustrationstoleranz verkraften<\/li>\n\n\n\n<li>Das emotionale Ausdrucksverm\u00f6gen erweitern<\/li>\n\n\n\n<li>Schwierigkeiten im sozialen Kontakt angehen<br><br><strong>Sich schwierigen Situationen stellen und Ziele erreichen<\/strong><br><em>Manchmal schlagen die eigenen Gef\u00fchle hohe Wellen im Leben \u2026 dann ist es gut Handlungsalternativen zu haben!<\/em><br><br><strong>Adressaten:<\/strong><br><br><strong>Um den Alltag besser zu meistern<\/strong><\/li>\n\n\n\n<li>Wenn wir auf der Arbeit nicht Teil des Kollegiums werden<\/li>\n\n\n\n<li>Wenn in der Partnerschaft Kopf und Herz nicht zusammen zu passen scheinen<\/li>\n\n\n\n<li>Wenn wir gerne kontrolliert und souver\u00e4n reagieren w\u00fcrden<\/li>\n\n\n\n<li>Wenn der Alltag zum Ballast wird<\/li>\n\n\n\n<li>Wenn die Eltern einen nicht mehr verstehen<\/li>\n\n\n\n<li>Wenn wir Schwierigkeiten im sozialen Kontakt haben<\/li>\n\n\n\n<li>Wenn wir nur \u00fcber ein eingeschr\u00e4nktes emotionales Ausdrucksverm\u00f6gen verf\u00fcgen<br><br><strong>Um die Gef\u00fchle unter Kontrolle zu bringen<\/strong><\/li>\n\n\n\n<li>Wenn wir uns von unserem Gegen\u00fcber missverstanden f\u00fchlen<\/li>\n\n\n\n<li>Wenn uns das Umfeld h\u00e4ufig falsch versteht <\/li>\n\n\n\n<li>Wenn wir durch ein scheinbar unangemessenes<br>Verhalten auffallen<\/li>\n\n\n\n<li>Wenn wir eine geringer Frustrationstoleranz besitzen<br><\/li>\n<\/ul>\n\n\n\n<p><\/p>\n","protected":false},"excerpt":{"rendered":"<p>>> Supervision und Coaching (GwG) Nutzen Sie mein Angebot. Ich unterst\u00fctze Sie im Arbeitsumfeld mit systemischem und personenzentriertem Ansatz z. B. in Kindertagesst\u00e4tten oder in der Schulsozialarbeit Supervision Teamtage EINZELCOACHING &gt;&gt; Einzelcoaching zur Verbesserung der Impulssteuerung (zur Zeit keine Termine verf\u00fcgbar\/nicht mehr am Schillerplatz)<\/p>\n","protected":false},"author":1,"featured_media":357,"parent":0,"menu_order":0,"comment_status":"closed","ping_status":"closed","template":"","meta":{"footnotes":""},"class_list":["post-15","page","type-page","status-publish","has-post-thumbnail","hentry"],"yoast_head":"<!-- This site is optimized with the Yoast SEO plugin v27.3 - https:\/\/yoast.com\/product\/yoast-seo-wordpress\/ -->\n<title>Angebote, Inhalte, Ziele &#8211; Wellenbrechen - Supervision &amp; Coaching<\/title>\n<meta name=\"robots\" content=\"index, follow, max-snippet:-1, max-image-preview:large, max-video-preview:-1\" \/>\n<link rel=\"canonical\" href=\"https:\/\/wellenbrechen.de\/?page_id=15\" \/>\n<meta property=\"og:locale\" content=\"de_DE\" \/>\n<meta property=\"og:type\" content=\"article\" \/>\n<meta property=\"og:title\" content=\"Angebote, Inhalte, Ziele &#8211; Wellenbrechen - Supervision &amp; Coaching\" \/>\n<meta property=\"og:description\" content=\"&gt;&gt; Supervision und Coaching (GwG) Nutzen Sie mein Angebot. Ich unterst\u00fctze Sie im Arbeitsumfeld mit systemischem und personenzentriertem Ansatz z. B. in Kindertagesst\u00e4tten oder in der Schulsozialarbeit Supervision Teamtage EINZELCOACHING &gt;&gt; Einzelcoaching zur Verbesserung der Impulssteuerung (zur Zeit keine Termine verf\u00fcgbar\/nicht mehr am Schillerplatz)\" \/>\n<meta property=\"og:url\" content=\"https:\/\/wellenbrechen.de\/?page_id=15\" \/>\n<meta property=\"og:site_name\" content=\"Wellenbrechen - Supervision &amp; Coaching\" \/>\n<meta property=\"article:modified_time\" content=\"2026-01-12T21:49:32+00:00\" \/>\n<meta property=\"og:image\" content=\"https:\/\/wellenbrechen.de\/wp-content\/uploads\/2021\/11\/Sozialtherapie2021-0025_halb.jpg\" \/>\n\t<meta property=\"og:image:width\" content=\"368\" \/>\n\t<meta property=\"og:image:height\" content=\"1463\" \/>\n\t<meta property=\"og:image:type\" content=\"image\/jpeg\" \/>\n<meta name=\"twitter:card\" content=\"summary_large_image\" \/>\n<meta name=\"twitter:label1\" content=\"Gesch\u00e4tzte Lesezeit\" \/>\n\t<meta name=\"twitter:data1\" content=\"3\u00a0Minuten\" \/>\n<script type=\"application\/ld+json\" class=\"yoast-schema-graph\">{\"@context\":\"https:\\\/\\\/schema.org\",\"@graph\":[{\"@type\":\"WebPage\",\"@id\":\"https:\\\/\\\/wellenbrechen.de\\\/?page_id=15\",\"url\":\"https:\\\/\\\/wellenbrechen.de\\\/?page_id=15\",\"name\":\"Angebote, Inhalte, Ziele &#8211; Wellenbrechen - Supervision &amp; Coaching\",\"isPartOf\":{\"@id\":\"https:\\\/\\\/wellenbrechen.de\\\/#website\"},\"primaryImageOfPage\":{\"@id\":\"https:\\\/\\\/wellenbrechen.de\\\/?page_id=15#primaryimage\"},\"image\":{\"@id\":\"https:\\\/\\\/wellenbrechen.de\\\/?page_id=15#primaryimage\"},\"thumbnailUrl\":\"https:\\\/\\\/wellenbrechen.de\\\/wp-content\\\/uploads\\\/2021\\\/11\\\/Sozialtherapie2021-0025_halb.jpg\",\"datePublished\":\"2019-08-04T23:07:29+00:00\",\"dateModified\":\"2026-01-12T21:49:32+00:00\",\"breadcrumb\":{\"@id\":\"https:\\\/\\\/wellenbrechen.de\\\/?page_id=15#breadcrumb\"},\"inLanguage\":\"de\",\"potentialAction\":[{\"@type\":\"ReadAction\",\"target\":[\"https:\\\/\\\/wellenbrechen.de\\\/?page_id=15\"]}]},{\"@type\":\"ImageObject\",\"inLanguage\":\"de\",\"@id\":\"https:\\\/\\\/wellenbrechen.de\\\/?page_id=15#primaryimage\",\"url\":\"https:\\\/\\\/wellenbrechen.de\\\/wp-content\\\/uploads\\\/2021\\\/11\\\/Sozialtherapie2021-0025_halb.jpg\",\"contentUrl\":\"https:\\\/\\\/wellenbrechen.de\\\/wp-content\\\/uploads\\\/2021\\\/11\\\/Sozialtherapie2021-0025_halb.jpg\",\"width\":368,\"height\":1463},{\"@type\":\"BreadcrumbList\",\"@id\":\"https:\\\/\\\/wellenbrechen.de\\\/?page_id=15#breadcrumb\",\"itemListElement\":[{\"@type\":\"ListItem\",\"position\":1,\"name\":\"Startseite\",\"item\":\"https:\\\/\\\/wellenbrechen.de\\\/\"},{\"@type\":\"ListItem\",\"position\":2,\"name\":\"Angebote, Inhalte, Ziele\"}]},{\"@type\":\"WebSite\",\"@id\":\"https:\\\/\\\/wellenbrechen.de\\\/#website\",\"url\":\"https:\\\/\\\/wellenbrechen.de\\\/\",\"name\":\"Wellenbrechen - Jessica Spars-Bardong\",\"description\":\"Jessica Spars-Bardong -  Diplom Sozialp\u00e4dagogin und Supervisorin (GwG in Ausbildung) \",\"publisher\":{\"@id\":\"https:\\\/\\\/wellenbrechen.de\\\/#\\\/schema\\\/person\\\/ce82e7bcea91de7126091d891d0f4e38\"},\"alternateName\":\"Wellenbrechen\",\"potentialAction\":[{\"@type\":\"SearchAction\",\"target\":{\"@type\":\"EntryPoint\",\"urlTemplate\":\"https:\\\/\\\/wellenbrechen.de\\\/?s={search_term_string}\"},\"query-input\":{\"@type\":\"PropertyValueSpecification\",\"valueRequired\":true,\"valueName\":\"search_term_string\"}}],\"inLanguage\":\"de\"},{\"@type\":[\"Person\",\"Organization\"],\"@id\":\"https:\\\/\\\/wellenbrechen.de\\\/#\\\/schema\\\/person\\\/ce82e7bcea91de7126091d891d0f4e38\",\"name\":\"Jessica\",\"image\":{\"@type\":\"ImageObject\",\"inLanguage\":\"de\",\"@id\":\"https:\\\/\\\/wellenbrechen.de\\\/wp-content\\\/uploads\\\/2021\\\/11\\\/Sozialtherapie2021-0563.jpg\",\"url\":\"https:\\\/\\\/wellenbrechen.de\\\/wp-content\\\/uploads\\\/2021\\\/11\\\/Sozialtherapie2021-0563.jpg\",\"contentUrl\":\"https:\\\/\\\/wellenbrechen.de\\\/wp-content\\\/uploads\\\/2021\\\/11\\\/Sozialtherapie2021-0563.jpg\",\"width\":1500,\"height\":1000,\"caption\":\"Jessica\"},\"logo\":{\"@id\":\"https:\\\/\\\/wellenbrechen.de\\\/wp-content\\\/uploads\\\/2021\\\/11\\\/Sozialtherapie2021-0563.jpg\"}}]}<\/script>\n<!-- \/ Yoast SEO plugin. -->","yoast_head_json":{"title":"Angebote, Inhalte, Ziele &#8211; Wellenbrechen - Supervision &amp; Coaching","robots":{"index":"index","follow":"follow","max-snippet":"max-snippet:-1","max-image-preview":"max-image-preview:large","max-video-preview":"max-video-preview:-1"},"canonical":"https:\/\/wellenbrechen.de\/?page_id=15","og_locale":"de_DE","og_type":"article","og_title":"Angebote, Inhalte, Ziele &#8211; Wellenbrechen - Supervision &amp; Coaching","og_description":">> Supervision und Coaching (GwG) Nutzen Sie mein Angebot. Ich unterst\u00fctze Sie im Arbeitsumfeld mit systemischem und personenzentriertem Ansatz z. B. in Kindertagesst\u00e4tten oder in der Schulsozialarbeit Supervision Teamtage EINZELCOACHING &gt;&gt; Einzelcoaching zur Verbesserung der Impulssteuerung (zur Zeit keine Termine verf\u00fcgbar\/nicht mehr am Schillerplatz)","og_url":"https:\/\/wellenbrechen.de\/?page_id=15","og_site_name":"Wellenbrechen - Supervision &amp; Coaching","article_modified_time":"2026-01-12T21:49:32+00:00","og_image":[{"width":368,"height":1463,"url":"https:\/\/wellenbrechen.de\/wp-content\/uploads\/2021\/11\/Sozialtherapie2021-0025_halb.jpg","type":"image\/jpeg"}],"twitter_card":"summary_large_image","twitter_misc":{"Gesch\u00e4tzte Lesezeit":"3\u00a0Minuten"},"schema":{"@context":"https:\/\/schema.org","@graph":[{"@type":"WebPage","@id":"https:\/\/wellenbrechen.de\/?page_id=15","url":"https:\/\/wellenbrechen.de\/?page_id=15","name":"Angebote, Inhalte, Ziele &#8211; Wellenbrechen - Supervision &amp; Coaching","isPartOf":{"@id":"https:\/\/wellenbrechen.de\/#website"},"primaryImageOfPage":{"@id":"https:\/\/wellenbrechen.de\/?page_id=15#primaryimage"},"image":{"@id":"https:\/\/wellenbrechen.de\/?page_id=15#primaryimage"},"thumbnailUrl":"https:\/\/wellenbrechen.de\/wp-content\/uploads\/2021\/11\/Sozialtherapie2021-0025_halb.jpg","datePublished":"2019-08-04T23:07:29+00:00","dateModified":"2026-01-12T21:49:32+00:00","breadcrumb":{"@id":"https:\/\/wellenbrechen.de\/?page_id=15#breadcrumb"},"inLanguage":"de","potentialAction":[{"@type":"ReadAction","target":["https:\/\/wellenbrechen.de\/?page_id=15"]}]},{"@type":"ImageObject","inLanguage":"de","@id":"https:\/\/wellenbrechen.de\/?page_id=15#primaryimage","url":"https:\/\/wellenbrechen.de\/wp-content\/uploads\/2021\/11\/Sozialtherapie2021-0025_halb.jpg","contentUrl":"https:\/\/wellenbrechen.de\/wp-content\/uploads\/2021\/11\/Sozialtherapie2021-0025_halb.jpg","width":368,"height":1463},{"@type":"BreadcrumbList","@id":"https:\/\/wellenbrechen.de\/?page_id=15#breadcrumb","itemListElement":[{"@type":"ListItem","position":1,"name":"Startseite","item":"https:\/\/wellenbrechen.de\/"},{"@type":"ListItem","position":2,"name":"Angebote, Inhalte, Ziele"}]},{"@type":"WebSite","@id":"https:\/\/wellenbrechen.de\/#website","url":"https:\/\/wellenbrechen.de\/","name":"Wellenbrechen - Jessica Spars-Bardong","description":"Jessica Spars-Bardong -  Diplom Sozialp\u00e4dagogin und Supervisorin (GwG in Ausbildung) ","publisher":{"@id":"https:\/\/wellenbrechen.de\/#\/schema\/person\/ce82e7bcea91de7126091d891d0f4e38"},"alternateName":"Wellenbrechen","potentialAction":[{"@type":"SearchAction","target":{"@type":"EntryPoint","urlTemplate":"https:\/\/wellenbrechen.de\/?s={search_term_string}"},"query-input":{"@type":"PropertyValueSpecification","valueRequired":true,"valueName":"search_term_string"}}],"inLanguage":"de"},{"@type":["Person","Organization"],"@id":"https:\/\/wellenbrechen.de\/#\/schema\/person\/ce82e7bcea91de7126091d891d0f4e38","name":"Jessica","image":{"@type":"ImageObject","inLanguage":"de","@id":"https:\/\/wellenbrechen.de\/wp-content\/uploads\/2021\/11\/Sozialtherapie2021-0563.jpg","url":"https:\/\/wellenbrechen.de\/wp-content\/uploads\/2021\/11\/Sozialtherapie2021-0563.jpg","contentUrl":"https:\/\/wellenbrechen.de\/wp-content\/uploads\/2021\/11\/Sozialtherapie2021-0563.jpg","width":1500,"height":1000,"caption":"Jessica"},"logo":{"@id":"https:\/\/wellenbrechen.de\/wp-content\/uploads\/2021\/11\/Sozialtherapie2021-0563.jpg"}}]}},"_links":{"self":[{"href":"https:\/\/wellenbrechen.de\/index.php?rest_route=\/wp\/v2\/pages\/15","targetHints":{"allow":["GET"]}}],"collection":[{"href":"https:\/\/wellenbrechen.de\/index.php?rest_route=\/wp\/v2\/pages"}],"about":[{"href":"https:\/\/wellenbrechen.de\/index.php?rest_route=\/wp\/v2\/types\/page"}],"author":[{"embeddable":true,"href":"https:\/\/wellenbrechen.de\/index.php?rest_route=\/wp\/v2\/users\/1"}],"replies":[{"embeddable":true,"href":"https:\/\/wellenbrechen.de\/index.php?rest_route=%2Fwp%2Fv2%2Fcomments&post=15"}],"version-history":[{"count":53,"href":"https:\/\/wellenbrechen.de\/index.php?rest_route=\/wp\/v2\/pages\/15\/revisions"}],"predecessor-version":[{"id":519,"href":"https:\/\/wellenbrechen.de\/index.php?rest_route=\/wp\/v2\/pages\/15\/revisions\/519"}],"wp:featuredmedia":[{"embeddable":true,"href":"https:\/\/wellenbrechen.de\/index.php?rest_route=\/wp\/v2\/media\/357"}],"wp:attachment":[{"href":"https:\/\/wellenbrechen.de\/index.php?rest_route=%2Fwp%2Fv2%2Fmedia&parent=15"}],"curies":[{"name":"wp","href":"https:\/\/api.w.org\/{rel}","templated":true}]}}