{"id":158,"date":"2021-01-17T20:03:20","date_gmt":"2021-01-17T20:03:20","guid":{"rendered":"http:\/\/wellenbrechen.de\/?page_id=158"},"modified":"2026-01-12T23:17:09","modified_gmt":"2026-01-12T23:17:09","slug":"fruehere-angebote","status":"publish","type":"page","link":"https:\/\/wellenbrechen.de\/?page_id=158","title":{"rendered":"Fr\u00fchere Angebote"},"content":{"rendered":"\n<p>Coaching am Schillerplatz &#8211; Schillerplatz 24a &#8211; 55116 Mainz<\/p>\n\n\n\n<figure class=\"wp-block-image size-large\"><img loading=\"lazy\" decoding=\"async\" width=\"683\" height=\"1024\" src=\"https:\/\/wellenbrechen.de\/wp-content\/uploads\/2026\/01\/Spars-BardongTapeinou-0652-683x1024.jpg\" alt=\"\" class=\"wp-image-550\" srcset=\"https:\/\/wellenbrechen.de\/wp-content\/uploads\/2026\/01\/Spars-BardongTapeinou-0652-683x1024.jpg 683w, https:\/\/wellenbrechen.de\/wp-content\/uploads\/2026\/01\/Spars-BardongTapeinou-0652-200x300.jpg 200w, https:\/\/wellenbrechen.de\/wp-content\/uploads\/2026\/01\/Spars-BardongTapeinou-0652-768x1152.jpg 768w, https:\/\/wellenbrechen.de\/wp-content\/uploads\/2026\/01\/Spars-BardongTapeinou-0652.jpg 1000w\" sizes=\"auto, (max-width: 683px) 100vw, 683px\" \/><\/figure>\n\n\n\n<p>Sozialtherapie Flyer<\/p>\n\n\n\n<figure class=\"wp-block-image size-large\"><img decoding=\"async\" src=\"https:\/\/wellenbrechen.de\/wp-content\/uploads\/2021\/11\/Flyer1.png\" alt=\"\"\/><\/figure>\n\n\n\n<figure class=\"wp-block-image size-large\"><img decoding=\"async\" src=\"https:\/\/wellenbrechen.de\/wp-content\/uploads\/2021\/11\/FlyerS3.png\" alt=\"\"\/><\/figure>\n\n\n<h2>Tag der offenen T\u00fcr<\/h2>\n\n\n<figure class=\"wp-block-image size-large\"><img decoding=\"async\" src=\"https:\/\/wellenbrechen.de\/wp-content\/uploads\/2022\/06\/2022-06-24_Einweihung-Coaching-am-Schillerplatz_Mail_big.jpg\" alt=\"\"\/><\/figure>\n\n\n<h2>P\u00e4dagogisches Gruppenangebot f\u00fcr Trennungs- und Scheidungskinder<\/h2>\n\n\n<figure class=\"wp-block-image size-large\"><img loading=\"lazy\" decoding=\"async\" width=\"727\" height=\"1024\" src=\"https:\/\/wellenbrechen.de\/wp-content\/uploads\/2021\/01\/TUSCH-Flyer-fin-122020_Seite_1-727x1024.png\" alt=\"\" class=\"wp-image-154\" srcset=\"https:\/\/wellenbrechen.de\/wp-content\/uploads\/2021\/01\/TUSCH-Flyer-fin-122020_Seite_1-727x1024.png 727w, https:\/\/wellenbrechen.de\/wp-content\/uploads\/2021\/01\/TUSCH-Flyer-fin-122020_Seite_1-213x300.png 213w, https:\/\/wellenbrechen.de\/wp-content\/uploads\/2021\/01\/TUSCH-Flyer-fin-122020_Seite_1-768x1082.png 768w, https:\/\/wellenbrechen.de\/wp-content\/uploads\/2021\/01\/TUSCH-Flyer-fin-122020_Seite_1.png 911w\" sizes=\"auto, (max-width: 727px) 100vw, 727px\" \/><\/figure>\n\n\n\n<p><\/p>\n\n\n\n<figure class=\"wp-block-image size-large\"><img loading=\"lazy\" decoding=\"async\" width=\"1024\" height=\"768\" src=\"https:\/\/wellenbrechen.de\/wp-content\/uploads\/2026\/01\/IMG_20200221_174150-1-1024x768.jpg\" alt=\"\" class=\"wp-image-552\" srcset=\"https:\/\/wellenbrechen.de\/wp-content\/uploads\/2026\/01\/IMG_20200221_174150-1-1024x768.jpg 1024w, https:\/\/wellenbrechen.de\/wp-content\/uploads\/2026\/01\/IMG_20200221_174150-1-300x225.jpg 300w, https:\/\/wellenbrechen.de\/wp-content\/uploads\/2026\/01\/IMG_20200221_174150-1-768x576.jpg 768w, https:\/\/wellenbrechen.de\/wp-content\/uploads\/2026\/01\/IMG_20200221_174150-1-1536x1152.jpg 1536w, https:\/\/wellenbrechen.de\/wp-content\/uploads\/2026\/01\/IMG_20200221_174150-1-2048x1536.jpg 2048w\" sizes=\"auto, (max-width: 767px) 89vw, (max-width: 1000px) 54vw, (max-width: 1071px) 543px, 580px\" \/><\/figure>\n\n\n\n<blockquote class=\"wp-block-quote is-layout-flow wp-block-quote-is-layout-flow\">\n<p><a href=\"https:\/\/wellenbrechen.de\/?p=152\">https:\/\/wellenbrechen.de\/?p=152<\/a><\/p>\n<\/blockquote>\n","protected":false},"excerpt":{"rendered":"<p>Coaching am Schillerplatz &#8211; Schillerplatz 24a &#8211; 55116 Mainz Sozialtherapie Flyer Tag der offenen T\u00fcr P\u00e4dagogisches Gruppenangebot f\u00fcr Trennungs- und Scheidungskinder https:\/\/wellenbrechen.de\/?p=152<\/p>\n","protected":false},"author":1,"featured_media":0,"parent":0,"menu_order":0,"comment_status":"closed","ping_status":"closed","template":"","meta":{"footnotes":""},"class_list":["post-158","page","type-page","status-publish","hentry"],"yoast_head":"<!-- This site is optimized with the Yoast SEO plugin v27.3 - https:\/\/yoast.com\/product\/yoast-seo-wordpress\/ -->\n<title>Fr\u00fchere Angebote &#8211; Wellenbrechen - Supervision &amp; Coaching<\/title>\n<meta name=\"robots\" content=\"index, follow, max-snippet:-1, max-image-preview:large, max-video-preview:-1\" \/>\n<link rel=\"canonical\" href=\"https:\/\/wellenbrechen.de\/?page_id=158\" \/>\n<meta property=\"og:locale\" content=\"de_DE\" \/>\n<meta property=\"og:type\" content=\"article\" \/>\n<meta property=\"og:title\" content=\"Fr\u00fchere Angebote &#8211; Wellenbrechen - Supervision &amp; Coaching\" \/>\n<meta property=\"og:description\" content=\"Coaching am Schillerplatz &#8211; Schillerplatz 24a &#8211; 55116 Mainz Sozialtherapie Flyer Tag der offenen T\u00fcr P\u00e4dagogisches Gruppenangebot f\u00fcr Trennungs- und Scheidungskinder https:\/\/wellenbrechen.de\/?p=152\" \/>\n<meta property=\"og:url\" content=\"https:\/\/wellenbrechen.de\/?page_id=158\" \/>\n<meta property=\"og:site_name\" content=\"Wellenbrechen - Supervision &amp; Coaching\" \/>\n<meta property=\"article:modified_time\" content=\"2026-01-12T23:17:09+00:00\" \/>\n<meta property=\"og:image\" content=\"https:\/\/wellenbrechen.de\/wp-content\/uploads\/2026\/01\/Spars-BardongTapeinou-0652.jpg\" \/>\n\t<meta property=\"og:image:width\" content=\"1000\" \/>\n\t<meta property=\"og:image:height\" content=\"1500\" \/>\n\t<meta property=\"og:image:type\" content=\"image\/jpeg\" \/>\n<meta name=\"twitter:card\" content=\"summary_large_image\" \/>\n<meta name=\"twitter:label1\" content=\"Gesch\u00e4tzte Lesezeit\" \/>\n\t<meta name=\"twitter:data1\" content=\"2\u00a0Minuten\" \/>\n<script type=\"application\/ld+json\" class=\"yoast-schema-graph\">{\"@context\":\"https:\\\/\\\/schema.org\",\"@graph\":[{\"@type\":\"WebPage\",\"@id\":\"https:\\\/\\\/wellenbrechen.de\\\/?page_id=158\",\"url\":\"https:\\\/\\\/wellenbrechen.de\\\/?page_id=158\",\"name\":\"Fr\u00fchere Angebote &#8211; Wellenbrechen - Supervision &amp; Coaching\",\"isPartOf\":{\"@id\":\"https:\\\/\\\/wellenbrechen.de\\\/#website\"},\"primaryImageOfPage\":{\"@id\":\"https:\\\/\\\/wellenbrechen.de\\\/?page_id=158#primaryimage\"},\"image\":{\"@id\":\"https:\\\/\\\/wellenbrechen.de\\\/?page_id=158#primaryimage\"},\"thumbnailUrl\":\"https:\\\/\\\/wellenbrechen.de\\\/wp-content\\\/uploads\\\/2026\\\/01\\\/Spars-BardongTapeinou-0652-683x1024.jpg\",\"datePublished\":\"2021-01-17T20:03:20+00:00\",\"dateModified\":\"2026-01-12T23:17:09+00:00\",\"breadcrumb\":{\"@id\":\"https:\\\/\\\/wellenbrechen.de\\\/?page_id=158#breadcrumb\"},\"inLanguage\":\"de\",\"potentialAction\":[{\"@type\":\"ReadAction\",\"target\":[\"https:\\\/\\\/wellenbrechen.de\\\/?page_id=158\"]}]},{\"@type\":\"ImageObject\",\"inLanguage\":\"de\",\"@id\":\"https:\\\/\\\/wellenbrechen.de\\\/?page_id=158#primaryimage\",\"url\":\"https:\\\/\\\/wellenbrechen.de\\\/wp-content\\\/uploads\\\/2026\\\/01\\\/Spars-BardongTapeinou-0652.jpg\",\"contentUrl\":\"https:\\\/\\\/wellenbrechen.de\\\/wp-content\\\/uploads\\\/2026\\\/01\\\/Spars-BardongTapeinou-0652.jpg\",\"width\":1000,\"height\":1500},{\"@type\":\"BreadcrumbList\",\"@id\":\"https:\\\/\\\/wellenbrechen.de\\\/?page_id=158#breadcrumb\",\"itemListElement\":[{\"@type\":\"ListItem\",\"position\":1,\"name\":\"Startseite\",\"item\":\"https:\\\/\\\/wellenbrechen.de\\\/\"},{\"@type\":\"ListItem\",\"position\":2,\"name\":\"Fr\u00fchere Angebote\"}]},{\"@type\":\"WebSite\",\"@id\":\"https:\\\/\\\/wellenbrechen.de\\\/#website\",\"url\":\"https:\\\/\\\/wellenbrechen.de\\\/\",\"name\":\"Wellenbrechen - Jessica Spars-Bardong\",\"description\":\"Jessica Spars-Bardong -  Diplom Sozialp\u00e4dagogin und Supervisorin (GwG in Ausbildung) \",\"publisher\":{\"@id\":\"https:\\\/\\\/wellenbrechen.de\\\/#\\\/schema\\\/person\\\/ce82e7bcea91de7126091d891d0f4e38\"},\"alternateName\":\"Wellenbrechen\",\"potentialAction\":[{\"@type\":\"SearchAction\",\"target\":{\"@type\":\"EntryPoint\",\"urlTemplate\":\"https:\\\/\\\/wellenbrechen.de\\\/?s={search_term_string}\"},\"query-input\":{\"@type\":\"PropertyValueSpecification\",\"valueRequired\":true,\"valueName\":\"search_term_string\"}}],\"inLanguage\":\"de\"},{\"@type\":[\"Person\",\"Organization\"],\"@id\":\"https:\\\/\\\/wellenbrechen.de\\\/#\\\/schema\\\/person\\\/ce82e7bcea91de7126091d891d0f4e38\",\"name\":\"Jessica\",\"image\":{\"@type\":\"ImageObject\",\"inLanguage\":\"de\",\"@id\":\"https:\\\/\\\/wellenbrechen.de\\\/wp-content\\\/uploads\\\/2021\\\/11\\\/Sozialtherapie2021-0563.jpg\",\"url\":\"https:\\\/\\\/wellenbrechen.de\\\/wp-content\\\/uploads\\\/2021\\\/11\\\/Sozialtherapie2021-0563.jpg\",\"contentUrl\":\"https:\\\/\\\/wellenbrechen.de\\\/wp-content\\\/uploads\\\/2021\\\/11\\\/Sozialtherapie2021-0563.jpg\",\"width\":1500,\"height\":1000,\"caption\":\"Jessica\"},\"logo\":{\"@id\":\"https:\\\/\\\/wellenbrechen.de\\\/wp-content\\\/uploads\\\/2021\\\/11\\\/Sozialtherapie2021-0563.jpg\"}}]}<\/script>\n<!-- \/ Yoast SEO plugin. -->","yoast_head_json":{"title":"Fr\u00fchere Angebote &#8211; Wellenbrechen - Supervision &amp; Coaching","robots":{"index":"index","follow":"follow","max-snippet":"max-snippet:-1","max-image-preview":"max-image-preview:large","max-video-preview":"max-video-preview:-1"},"canonical":"https:\/\/wellenbrechen.de\/?page_id=158","og_locale":"de_DE","og_type":"article","og_title":"Fr\u00fchere Angebote &#8211; Wellenbrechen - Supervision &amp; Coaching","og_description":"Coaching am Schillerplatz &#8211; Schillerplatz 24a &#8211; 55116 Mainz Sozialtherapie Flyer Tag der offenen T\u00fcr P\u00e4dagogisches Gruppenangebot f\u00fcr Trennungs- und Scheidungskinder https:\/\/wellenbrechen.de\/?p=152","og_url":"https:\/\/wellenbrechen.de\/?page_id=158","og_site_name":"Wellenbrechen - Supervision &amp; Coaching","article_modified_time":"2026-01-12T23:17:09+00:00","og_image":[{"width":1000,"height":1500,"url":"https:\/\/wellenbrechen.de\/wp-content\/uploads\/2026\/01\/Spars-BardongTapeinou-0652.jpg","type":"image\/jpeg"}],"twitter_card":"summary_large_image","twitter_misc":{"Gesch\u00e4tzte Lesezeit":"2\u00a0Minuten"},"schema":{"@context":"https:\/\/schema.org","@graph":[{"@type":"WebPage","@id":"https:\/\/wellenbrechen.de\/?page_id=158","url":"https:\/\/wellenbrechen.de\/?page_id=158","name":"Fr\u00fchere Angebote &#8211; Wellenbrechen - Supervision &amp; Coaching","isPartOf":{"@id":"https:\/\/wellenbrechen.de\/#website"},"primaryImageOfPage":{"@id":"https:\/\/wellenbrechen.de\/?page_id=158#primaryimage"},"image":{"@id":"https:\/\/wellenbrechen.de\/?page_id=158#primaryimage"},"thumbnailUrl":"https:\/\/wellenbrechen.de\/wp-content\/uploads\/2026\/01\/Spars-BardongTapeinou-0652-683x1024.jpg","datePublished":"2021-01-17T20:03:20+00:00","dateModified":"2026-01-12T23:17:09+00:00","breadcrumb":{"@id":"https:\/\/wellenbrechen.de\/?page_id=158#breadcrumb"},"inLanguage":"de","potentialAction":[{"@type":"ReadAction","target":["https:\/\/wellenbrechen.de\/?page_id=158"]}]},{"@type":"ImageObject","inLanguage":"de","@id":"https:\/\/wellenbrechen.de\/?page_id=158#primaryimage","url":"https:\/\/wellenbrechen.de\/wp-content\/uploads\/2026\/01\/Spars-BardongTapeinou-0652.jpg","contentUrl":"https:\/\/wellenbrechen.de\/wp-content\/uploads\/2026\/01\/Spars-BardongTapeinou-0652.jpg","width":1000,"height":1500},{"@type":"BreadcrumbList","@id":"https:\/\/wellenbrechen.de\/?page_id=158#breadcrumb","itemListElement":[{"@type":"ListItem","position":1,"name":"Startseite","item":"https:\/\/wellenbrechen.de\/"},{"@type":"ListItem","position":2,"name":"Fr\u00fchere Angebote"}]},{"@type":"WebSite","@id":"https:\/\/wellenbrechen.de\/#website","url":"https:\/\/wellenbrechen.de\/","name":"Wellenbrechen - Jessica Spars-Bardong","description":"Jessica Spars-Bardong -  Diplom Sozialp\u00e4dagogin und Supervisorin (GwG in Ausbildung) ","publisher":{"@id":"https:\/\/wellenbrechen.de\/#\/schema\/person\/ce82e7bcea91de7126091d891d0f4e38"},"alternateName":"Wellenbrechen","potentialAction":[{"@type":"SearchAction","target":{"@type":"EntryPoint","urlTemplate":"https:\/\/wellenbrechen.de\/?s={search_term_string}"},"query-input":{"@type":"PropertyValueSpecification","valueRequired":true,"valueName":"search_term_string"}}],"inLanguage":"de"},{"@type":["Person","Organization"],"@id":"https:\/\/wellenbrechen.de\/#\/schema\/person\/ce82e7bcea91de7126091d891d0f4e38","name":"Jessica","image":{"@type":"ImageObject","inLanguage":"de","@id":"https:\/\/wellenbrechen.de\/wp-content\/uploads\/2021\/11\/Sozialtherapie2021-0563.jpg","url":"https:\/\/wellenbrechen.de\/wp-content\/uploads\/2021\/11\/Sozialtherapie2021-0563.jpg","contentUrl":"https:\/\/wellenbrechen.de\/wp-content\/uploads\/2021\/11\/Sozialtherapie2021-0563.jpg","width":1500,"height":1000,"caption":"Jessica"},"logo":{"@id":"https:\/\/wellenbrechen.de\/wp-content\/uploads\/2021\/11\/Sozialtherapie2021-0563.jpg"}}]}},"_links":{"self":[{"href":"https:\/\/wellenbrechen.de\/index.php?rest_route=\/wp\/v2\/pages\/158","targetHints":{"allow":["GET"]}}],"collection":[{"href":"https:\/\/wellenbrechen.de\/index.php?rest_route=\/wp\/v2\/pages"}],"about":[{"href":"https:\/\/wellenbrechen.de\/index.php?rest_route=\/wp\/v2\/types\/page"}],"author":[{"embeddable":true,"href":"https:\/\/wellenbrechen.de\/index.php?rest_route=\/wp\/v2\/users\/1"}],"replies":[{"embeddable":true,"href":"https:\/\/wellenbrechen.de\/index.php?rest_route=%2Fwp%2Fv2%2Fcomments&post=158"}],"version-history":[{"count":13,"href":"https:\/\/wellenbrechen.de\/index.php?rest_route=\/wp\/v2\/pages\/158\/revisions"}],"predecessor-version":[{"id":554,"href":"https:\/\/wellenbrechen.de\/index.php?rest_route=\/wp\/v2\/pages\/158\/revisions\/554"}],"wp:attachment":[{"href":"https:\/\/wellenbrechen.de\/index.php?rest_route=%2Fwp%2Fv2%2Fmedia&parent=158"}],"curies":[{"name":"wp","href":"https:\/\/api.w.org\/{rel}","templated":true}]}}