{"id":2,"date":"2016-05-10T03:48:21","date_gmt":"2016-05-10T03:48:21","guid":{"rendered":"http:\/\/wellenbrechen.de\/?page_id=2"},"modified":"2026-01-12T23:11:26","modified_gmt":"2026-01-12T23:11:26","slug":"sample-page","status":"publish","type":"page","link":"https:\/\/wellenbrechen.de\/?page_id=2","title":{"rendered":"\u00dcber mich"},"content":{"rendered":"\n<p class=\"has-very-dark-gray-color has-very-light-gray-background-color has-text-color has-background\">Sie sind auf der Suche nach Coaching und Supervision.<\/p>\n\n\n\n<p class=\"has-very-dark-gray-color has-very-light-gray-background-color has-text-color has-background\">Ich bin Diplom Sozialp\u00e4dagogin mit vielf\u00e4ltigen Zusatzqualifikationen und bilde mich st\u00e4ndig weiter. Sie k\u00f6nnen meine Unterst\u00fctzung als Systemische Familienberaterin, Anti-Mobbing-Coach, Fachkraft f\u00fcr Traumap\u00e4dagogik sowie Fachkraft im Kinderschutz (Insofa) und bei der Ver\u00e4nderung der Impulssteuerung und als Supervisorin in Ausbildung erhalten.<\/p>\n\n\n\n<h5 class=\"wp-block-heading\">Derzeitige T\u00e4tigkeit <\/h5>\n\n\n\n<ul class=\"wp-block-list has-very-dark-gray-color has-very-light-gray-background-color has-text-color has-background\">\n<li>Supervision und Coaching (GwG in Ausbildung zu Stufe 2)<\/li>\n\n\n\n<li>Psychosozialer Dienst, Kinder und Jugendliche Psychosomatik (KJP)<br>an der Universit\u00e4tsmedizin Mainz<\/li>\n<\/ul>\n\n\n\n<h5 class=\"wp-block-heading\">Berufliche Stationen<\/h5>\n\n\n\n<ul class=\"wp-block-list has-very-dark-gray-color has-very-light-gray-background-color has-text-color has-background\">\n<li>Praxisgr\u00fcndung Coaching am Schillerplatz in Mainz<\/li>\n\n\n\n<li>Schulsozialarbeiterin an Schulen in Mainz und im Landkreis Mainz-Bingen  (Jugendamt)<\/li>\n\n\n\n<li>Teacher Internationale Bilinguale Montessori Schule Frankfurt<\/li>\n\n\n\n<li>Unterricht an einer Schule im Swaziland\/S\u00fcdafrika f\u00fcr Berliner Missionswerk<\/li>\n\n\n\n<li>Begleitung von Menschen mit Behinderung<\/li>\n\n\n\n<li>Erzieherin in integrativen Einrichtungen in Wiesbaden<\/li>\n<\/ul>\n\n\n\n<h5 class=\"wp-block-heading\">Qualifikationen<\/h5>\n\n\n\n<p><\/p>\n\n\n\n<ul class=\"wp-block-list has-very-dark-gray-color has-very-light-gray-background-color has-text-color has-background\">\n<li>Supervision &amp; Coaching (Stufe 1: Coaching GwG)<\/li>\n\n\n\n<li>Fachkraft im Kinderschutz (Insofa)<\/li>\n\n\n\n<li>Fachkraft f\u00fcr Traumap\u00e4dagogik<\/li>\n\n\n\n<li>Anti-Mobbing-Coach (Aufwind)<\/li>\n\n\n\n<li>Systemische Familienberaterin<\/li>\n\n\n\n<li>Sozialtherapie Impulssteuerung<\/li>\n\n\n\n<li>Diplom Sozialp\u00e4dagogin (EFH Darmstadt)<\/li>\n\n\n\n<li>Erzieherin mit Heilp\u00e4dagogischer Zusatzqualifikation<\/li>\n<\/ul>\n","protected":false},"excerpt":{"rendered":"<p>Sie sind auf der Suche nach Coaching und Supervision. Ich bin Diplom Sozialp\u00e4dagogin mit vielf\u00e4ltigen Zusatzqualifikationen und bilde mich st\u00e4ndig weiter. Sie k\u00f6nnen meine Unterst\u00fctzung als Systemische Familienberaterin, Anti-Mobbing-Coach, Fachkraft f\u00fcr Traumap\u00e4dagogik sowie Fachkraft im Kinderschutz (Insofa) und bei der Ver\u00e4nderung der Impulssteuerung und als Supervisorin in Ausbildung erhalten. Derzeitige T\u00e4tigkeit Berufliche Stationen Qualifikationen<\/p>\n","protected":false},"author":1,"featured_media":549,"parent":0,"menu_order":0,"comment_status":"closed","ping_status":"open","template":"","meta":{"footnotes":""},"class_list":["post-2","page","type-page","status-publish","has-post-thumbnail","hentry"],"yoast_head":"<!-- This site is optimized with the Yoast SEO plugin v27.3 - https:\/\/yoast.com\/product\/yoast-seo-wordpress\/ -->\n<title>\u00dcber mich &#8211; Wellenbrechen - Supervision &amp; Coaching<\/title>\n<meta name=\"robots\" content=\"index, follow, max-snippet:-1, max-image-preview:large, max-video-preview:-1\" \/>\n<link rel=\"canonical\" href=\"https:\/\/wellenbrechen.de\/?page_id=2\" \/>\n<meta property=\"og:locale\" content=\"de_DE\" \/>\n<meta property=\"og:type\" content=\"article\" \/>\n<meta property=\"og:title\" content=\"\u00dcber mich &#8211; Wellenbrechen - Supervision &amp; Coaching\" \/>\n<meta property=\"og:description\" content=\"Sie sind auf der Suche nach Coaching und Supervision. Ich bin Diplom Sozialp\u00e4dagogin mit vielf\u00e4ltigen Zusatzqualifikationen und bilde mich st\u00e4ndig weiter. Sie k\u00f6nnen meine Unterst\u00fctzung als Systemische Familienberaterin, Anti-Mobbing-Coach, Fachkraft f\u00fcr Traumap\u00e4dagogik sowie Fachkraft im Kinderschutz (Insofa) und bei der Ver\u00e4nderung der Impulssteuerung und als Supervisorin in Ausbildung erhalten. Derzeitige T\u00e4tigkeit Berufliche Stationen Qualifikationen\" \/>\n<meta property=\"og:url\" content=\"https:\/\/wellenbrechen.de\/?page_id=2\" \/>\n<meta property=\"og:site_name\" content=\"Wellenbrechen - Supervision &amp; Coaching\" \/>\n<meta property=\"article:modified_time\" content=\"2026-01-12T23:11:26+00:00\" \/>\n<meta property=\"og:image\" content=\"https:\/\/wellenbrechen.de\/wp-content\/uploads\/2026\/01\/Spars-BardongTapeinou-0285-2.jpg\" \/>\n\t<meta property=\"og:image:width\" content=\"1000\" \/>\n\t<meta property=\"og:image:height\" content=\"1500\" \/>\n\t<meta property=\"og:image:type\" content=\"image\/jpeg\" \/>\n<meta name=\"twitter:card\" content=\"summary_large_image\" \/>\n<meta name=\"twitter:label1\" content=\"Gesch\u00e4tzte Lesezeit\" \/>\n\t<meta name=\"twitter:data1\" content=\"1\u00a0Minute\" \/>\n<script type=\"application\/ld+json\" class=\"yoast-schema-graph\">{\"@context\":\"https:\\\/\\\/schema.org\",\"@graph\":[{\"@type\":\"WebPage\",\"@id\":\"https:\\\/\\\/wellenbrechen.de\\\/?page_id=2\",\"url\":\"https:\\\/\\\/wellenbrechen.de\\\/?page_id=2\",\"name\":\"\u00dcber mich &#8211; Wellenbrechen - Supervision &amp; Coaching\",\"isPartOf\":{\"@id\":\"https:\\\/\\\/wellenbrechen.de\\\/#website\"},\"primaryImageOfPage\":{\"@id\":\"https:\\\/\\\/wellenbrechen.de\\\/?page_id=2#primaryimage\"},\"image\":{\"@id\":\"https:\\\/\\\/wellenbrechen.de\\\/?page_id=2#primaryimage\"},\"thumbnailUrl\":\"https:\\\/\\\/wellenbrechen.de\\\/wp-content\\\/uploads\\\/2026\\\/01\\\/Spars-BardongTapeinou-0285-2.jpg\",\"datePublished\":\"2016-05-10T03:48:21+00:00\",\"dateModified\":\"2026-01-12T23:11:26+00:00\",\"breadcrumb\":{\"@id\":\"https:\\\/\\\/wellenbrechen.de\\\/?page_id=2#breadcrumb\"},\"inLanguage\":\"de\",\"potentialAction\":[{\"@type\":\"ReadAction\",\"target\":[\"https:\\\/\\\/wellenbrechen.de\\\/?page_id=2\"]}]},{\"@type\":\"ImageObject\",\"inLanguage\":\"de\",\"@id\":\"https:\\\/\\\/wellenbrechen.de\\\/?page_id=2#primaryimage\",\"url\":\"https:\\\/\\\/wellenbrechen.de\\\/wp-content\\\/uploads\\\/2026\\\/01\\\/Spars-BardongTapeinou-0285-2.jpg\",\"contentUrl\":\"https:\\\/\\\/wellenbrechen.de\\\/wp-content\\\/uploads\\\/2026\\\/01\\\/Spars-BardongTapeinou-0285-2.jpg\",\"width\":1000,\"height\":1500},{\"@type\":\"BreadcrumbList\",\"@id\":\"https:\\\/\\\/wellenbrechen.de\\\/?page_id=2#breadcrumb\",\"itemListElement\":[{\"@type\":\"ListItem\",\"position\":1,\"name\":\"Startseite\",\"item\":\"https:\\\/\\\/wellenbrechen.de\\\/\"},{\"@type\":\"ListItem\",\"position\":2,\"name\":\"\u00dcber mich\"}]},{\"@type\":\"WebSite\",\"@id\":\"https:\\\/\\\/wellenbrechen.de\\\/#website\",\"url\":\"https:\\\/\\\/wellenbrechen.de\\\/\",\"name\":\"Wellenbrechen - Jessica Spars-Bardong\",\"description\":\"Jessica Spars-Bardong -  Diplom Sozialp\u00e4dagogin und Supervisorin (GwG in Ausbildung) \",\"publisher\":{\"@id\":\"https:\\\/\\\/wellenbrechen.de\\\/#\\\/schema\\\/person\\\/ce82e7bcea91de7126091d891d0f4e38\"},\"alternateName\":\"Wellenbrechen\",\"potentialAction\":[{\"@type\":\"SearchAction\",\"target\":{\"@type\":\"EntryPoint\",\"urlTemplate\":\"https:\\\/\\\/wellenbrechen.de\\\/?s={search_term_string}\"},\"query-input\":{\"@type\":\"PropertyValueSpecification\",\"valueRequired\":true,\"valueName\":\"search_term_string\"}}],\"inLanguage\":\"de\"},{\"@type\":[\"Person\",\"Organization\"],\"@id\":\"https:\\\/\\\/wellenbrechen.de\\\/#\\\/schema\\\/person\\\/ce82e7bcea91de7126091d891d0f4e38\",\"name\":\"Jessica\",\"image\":{\"@type\":\"ImageObject\",\"inLanguage\":\"de\",\"@id\":\"https:\\\/\\\/wellenbrechen.de\\\/wp-content\\\/uploads\\\/2021\\\/11\\\/Sozialtherapie2021-0563.jpg\",\"url\":\"https:\\\/\\\/wellenbrechen.de\\\/wp-content\\\/uploads\\\/2021\\\/11\\\/Sozialtherapie2021-0563.jpg\",\"contentUrl\":\"https:\\\/\\\/wellenbrechen.de\\\/wp-content\\\/uploads\\\/2021\\\/11\\\/Sozialtherapie2021-0563.jpg\",\"width\":1500,\"height\":1000,\"caption\":\"Jessica\"},\"logo\":{\"@id\":\"https:\\\/\\\/wellenbrechen.de\\\/wp-content\\\/uploads\\\/2021\\\/11\\\/Sozialtherapie2021-0563.jpg\"}}]}<\/script>\n<!-- \/ Yoast SEO plugin. -->","yoast_head_json":{"title":"\u00dcber mich &#8211; Wellenbrechen - Supervision &amp; Coaching","robots":{"index":"index","follow":"follow","max-snippet":"max-snippet:-1","max-image-preview":"max-image-preview:large","max-video-preview":"max-video-preview:-1"},"canonical":"https:\/\/wellenbrechen.de\/?page_id=2","og_locale":"de_DE","og_type":"article","og_title":"\u00dcber mich &#8211; Wellenbrechen - Supervision &amp; Coaching","og_description":"Sie sind auf der Suche nach Coaching und Supervision. Ich bin Diplom Sozialp\u00e4dagogin mit vielf\u00e4ltigen Zusatzqualifikationen und bilde mich st\u00e4ndig weiter. Sie k\u00f6nnen meine Unterst\u00fctzung als Systemische Familienberaterin, Anti-Mobbing-Coach, Fachkraft f\u00fcr Traumap\u00e4dagogik sowie Fachkraft im Kinderschutz (Insofa) und bei der Ver\u00e4nderung der Impulssteuerung und als Supervisorin in Ausbildung erhalten. Derzeitige T\u00e4tigkeit Berufliche Stationen Qualifikationen","og_url":"https:\/\/wellenbrechen.de\/?page_id=2","og_site_name":"Wellenbrechen - Supervision &amp; Coaching","article_modified_time":"2026-01-12T23:11:26+00:00","og_image":[{"width":1000,"height":1500,"url":"https:\/\/wellenbrechen.de\/wp-content\/uploads\/2026\/01\/Spars-BardongTapeinou-0285-2.jpg","type":"image\/jpeg"}],"twitter_card":"summary_large_image","twitter_misc":{"Gesch\u00e4tzte Lesezeit":"1\u00a0Minute"},"schema":{"@context":"https:\/\/schema.org","@graph":[{"@type":"WebPage","@id":"https:\/\/wellenbrechen.de\/?page_id=2","url":"https:\/\/wellenbrechen.de\/?page_id=2","name":"\u00dcber mich &#8211; Wellenbrechen - Supervision &amp; Coaching","isPartOf":{"@id":"https:\/\/wellenbrechen.de\/#website"},"primaryImageOfPage":{"@id":"https:\/\/wellenbrechen.de\/?page_id=2#primaryimage"},"image":{"@id":"https:\/\/wellenbrechen.de\/?page_id=2#primaryimage"},"thumbnailUrl":"https:\/\/wellenbrechen.de\/wp-content\/uploads\/2026\/01\/Spars-BardongTapeinou-0285-2.jpg","datePublished":"2016-05-10T03:48:21+00:00","dateModified":"2026-01-12T23:11:26+00:00","breadcrumb":{"@id":"https:\/\/wellenbrechen.de\/?page_id=2#breadcrumb"},"inLanguage":"de","potentialAction":[{"@type":"ReadAction","target":["https:\/\/wellenbrechen.de\/?page_id=2"]}]},{"@type":"ImageObject","inLanguage":"de","@id":"https:\/\/wellenbrechen.de\/?page_id=2#primaryimage","url":"https:\/\/wellenbrechen.de\/wp-content\/uploads\/2026\/01\/Spars-BardongTapeinou-0285-2.jpg","contentUrl":"https:\/\/wellenbrechen.de\/wp-content\/uploads\/2026\/01\/Spars-BardongTapeinou-0285-2.jpg","width":1000,"height":1500},{"@type":"BreadcrumbList","@id":"https:\/\/wellenbrechen.de\/?page_id=2#breadcrumb","itemListElement":[{"@type":"ListItem","position":1,"name":"Startseite","item":"https:\/\/wellenbrechen.de\/"},{"@type":"ListItem","position":2,"name":"\u00dcber mich"}]},{"@type":"WebSite","@id":"https:\/\/wellenbrechen.de\/#website","url":"https:\/\/wellenbrechen.de\/","name":"Wellenbrechen - Jessica Spars-Bardong","description":"Jessica Spars-Bardong -  Diplom Sozialp\u00e4dagogin und Supervisorin (GwG in Ausbildung) ","publisher":{"@id":"https:\/\/wellenbrechen.de\/#\/schema\/person\/ce82e7bcea91de7126091d891d0f4e38"},"alternateName":"Wellenbrechen","potentialAction":[{"@type":"SearchAction","target":{"@type":"EntryPoint","urlTemplate":"https:\/\/wellenbrechen.de\/?s={search_term_string}"},"query-input":{"@type":"PropertyValueSpecification","valueRequired":true,"valueName":"search_term_string"}}],"inLanguage":"de"},{"@type":["Person","Organization"],"@id":"https:\/\/wellenbrechen.de\/#\/schema\/person\/ce82e7bcea91de7126091d891d0f4e38","name":"Jessica","image":{"@type":"ImageObject","inLanguage":"de","@id":"https:\/\/wellenbrechen.de\/wp-content\/uploads\/2021\/11\/Sozialtherapie2021-0563.jpg","url":"https:\/\/wellenbrechen.de\/wp-content\/uploads\/2021\/11\/Sozialtherapie2021-0563.jpg","contentUrl":"https:\/\/wellenbrechen.de\/wp-content\/uploads\/2021\/11\/Sozialtherapie2021-0563.jpg","width":1500,"height":1000,"caption":"Jessica"},"logo":{"@id":"https:\/\/wellenbrechen.de\/wp-content\/uploads\/2021\/11\/Sozialtherapie2021-0563.jpg"}}]}},"_links":{"self":[{"href":"https:\/\/wellenbrechen.de\/index.php?rest_route=\/wp\/v2\/pages\/2","targetHints":{"allow":["GET"]}}],"collection":[{"href":"https:\/\/wellenbrechen.de\/index.php?rest_route=\/wp\/v2\/pages"}],"about":[{"href":"https:\/\/wellenbrechen.de\/index.php?rest_route=\/wp\/v2\/types\/page"}],"author":[{"embeddable":true,"href":"https:\/\/wellenbrechen.de\/index.php?rest_route=\/wp\/v2\/users\/1"}],"replies":[{"embeddable":true,"href":"https:\/\/wellenbrechen.de\/index.php?rest_route=%2Fwp%2Fv2%2Fcomments&post=2"}],"version-history":[{"count":65,"href":"https:\/\/wellenbrechen.de\/index.php?rest_route=\/wp\/v2\/pages\/2\/revisions"}],"predecessor-version":[{"id":526,"href":"https:\/\/wellenbrechen.de\/index.php?rest_route=\/wp\/v2\/pages\/2\/revisions\/526"}],"wp:featuredmedia":[{"embeddable":true,"href":"https:\/\/wellenbrechen.de\/index.php?rest_route=\/wp\/v2\/media\/549"}],"wp:attachment":[{"href":"https:\/\/wellenbrechen.de\/index.php?rest_route=%2Fwp%2Fv2%2Fmedia&parent=2"}],"curies":[{"name":"wp","href":"https:\/\/api.w.org\/{rel}","templated":true}]}}